{"id":6,"date":"2023-08-24T03:00:20","date_gmt":"2023-08-24T06:00:20","guid":{"rendered":"https:\/\/libertos.tk\/index.php\/forum\/"},"modified":"2023-08-28T19:30:47","modified_gmt":"2023-08-28T22:30:47","slug":"forum","status":"publish","type":"page","link":"https:\/\/libertos.tk\/","title":{"rendered":"F\u00f3rum dos Crist\u00e3os Libertos &#8211; http:\/\/libertos.info\/"},"content":{"rendered":"<div id=\"af-wrapper\"><div id=\"forum-header\"><div id=\"forum-navigation-mobile\"><a><span class=\"fas fa-bars\"><\/span>Menu<\/a><\/div><span class=\"screen-reader-text\">Navega\u00e7\u00e3o no f\u00f3rum<\/span><div id=\"forum-navigation\"><a class=\"home-link\" href=\"https:\/\/libertos.tk\/?page_id=6\" target=\"_self\">F\u00f3rum<\/a><a class=\"members-link\" href=\"https:\/\/libertos.tk\/?page_id=6&#038;view=members\" target=\"_self\">Membros<\/a><a class=\"activity-link\" href=\"https:\/\/libertos.tk\/?page_id=6&#038;view=activity\" target=\"_self\">Atividade<\/a><a class=\"login-link\" href=\"https:\/\/libertos.tk\/wp-login.php?redirect_to=https%3A%2F%2Flibertos.tk%2Findex.php%3Frest_route%3D%252Fwp%252Fv2%252Fpages%252F6\" target=\"_self\">Acessar<\/a><a class=\"register-link\" href=\"https:\/\/libertos.tk\/wp-login.php?action=register\" target=\"_self\">Cadastrar<\/a><\/div><div id=\"forum-search\"><span class=\"search-icon fas fa-search\"><\/span><form method=\"get\" action=\"https:\/\/libertos.tk\/?page_id=6&#038;view=search\"><input name=\"view\" type=\"hidden\" value=\"search\"><input name=\"keywords\" type=\"search\" placeholder=\"Buscar ...\" value=\"\"><\/form><\/div><div class=\"clear\"><\/div><\/div><div id=\"forum-breadcrumbs\" itemscope itemtype=\"http:\/\/schema.org\/BreadcrumbList\"><span class=\"screen-reader-text\">Caminho de navega\u00e7\u00e3o do f\u00f3rum - Voc\u00ea est\u00e1 aqui:<\/span><span class=\"breadcrumb-icon fas fa-home\"><\/span><span itemprop=\"itemListElement\" itemscope itemtype=\"https:\/\/schema.org\/ListItem\"><a itemprop=\"item\" href=\"https:\/\/libertos.tk\/?page_id=6\" title=\"F\u00f3rum dos Crist\u00e3os Libertos\"><span itemprop=\"name\">F\u00f3rum dos Crist\u00e3os Libertos<\/span><\/a><meta itemprop=\"position\" content=\"1\"><\/span><span class=\"breadcrumb-icon fas fa-chevron-right separator\"><\/span><\/div><h1 class=\"main-title main-title-\">F\u00f3rum dos Crist\u00e3os Libertos<\/h1><div class=\"title-element\" id=\"forum-category-4\">Discuss\u00f5es<span class=\"last-post-headline\">\u00daltima postagem:<\/span><\/div><div class=\"content-container\"><div class=\"content-element forum\" id=\"forum-5\"><div class=\"forum-status unread\"><i class=\"fa-solid fa-users\"><\/i><\/div><div class=\"forum-name\"><a class=\"forum-title\" href=\"https:\/\/libertos.tk\/?page_id=6&#038;view=forum&#038;id=5\">Apresenta\u00e7\u00f5es<\/a><small class=\"forum-description\">Para o pessoal falar de si mesmo<\/small><small class=\"forum-stats\">3 T\u00f3picos&nbsp;&middot;&nbsp;7 Posts<\/small><small class=\"forum-lastpost-small\">\u00daltimo post:&nbsp;<a href=\"https:\/\/libertos.tk\/?page_id=6&#038;view=topic&#038;id=12#postid-22\">De crist\u00e3 assexual para uma crist\u00e3 &#8230;<\/a>&nbsp;&middot;&nbsp;<a href=\"https:\/\/libertos.tk\/?page_id=6&#038;view=topic&#038;id=12#postid-22\">2 anos atr\u00e1s<\/a>&nbsp;&middot;&nbsp;<a class=\"profile-link highlight-default\" href=\"https:\/\/libertos.tk\/?page_id=6&view=profile&id=65\">Pedro Ant\u00f4nio Oliveira silva<\/a><\/small><\/div><div class=\"forum-poster\"><div class=\"forum-poster-avatar\"><img alt='' src='https:\/\/libertos.tk\/wp-content\/uploads\/nsl_avatars\/d53c826258a4a5dac9756b8a35228e8a.jpg' srcset='https:\/\/libertos.tk\/wp-content\/uploads\/nsl_avatars\/d53c826258a4a5dac9756b8a35228e8a.jpg 2x' class='avatar avatar-40 photo avatar-default' height='40' width='40' \/><\/div><div class=\"forum-poster-summary\"><a href=\"https:\/\/libertos.tk\/?page_id=6&#038;view=topic&#038;id=12#postid-22\">De crist\u00e3 assexual para u &#8230;<\/a><br><small><a href=\"https:\/\/libertos.tk\/?page_id=6&#038;view=topic&#038;id=12#postid-22\">2 anos atr\u00e1s<\/a><span>&nbsp;&middot;&nbsp;<\/span><a class=\"profile-link highlight-default\" href=\"https:\/\/libertos.tk\/?page_id=6&view=profile&id=65\">Pedro Ant\u00f4nio Oliveira silva<\/a><\/small><\/div><\/div><\/div><div class=\"content-element forum\" id=\"forum-2\"><div class=\"forum-status unread\"><i class=\"fa-solid fa-book-bible\"><\/i><\/div><div class=\"forum-name\"><a class=\"forum-title\" href=\"https:\/\/libertos.tk\/?page_id=6&#038;view=forum&#038;id=2\">Discuss\u00f5es b\u00edblicas<\/a><small class=\"forum-description\">Discuss\u00f5es b\u00edblicas e teol\u00f3gicas em geral<\/small><small class=\"forum-stats\">9 T\u00f3picos&nbsp;&middot;&nbsp;12 Posts<\/small><small class=\"forum-lastpost-small\">\u00daltimo post:&nbsp;<a href=\"https:\/\/libertos.tk\/?page_id=6&#038;view=topic&#038;id=15#postid-26\">Reflexo do Reino de Deus<\/a>&nbsp;&middot;&nbsp;<a href=\"https:\/\/libertos.tk\/?page_id=6&#038;view=topic&#038;id=15#postid-26\">1 ano atr\u00e1s<\/a>&nbsp;&middot;&nbsp;<a class=\"profile-link highlight-default\" href=\"https:\/\/libertos.tk\/?page_id=6&view=profile&id=3\">Leandro_Vital<\/a><\/small><\/div><div class=\"forum-poster\"><div class=\"forum-poster-avatar\"><img alt='' src='https:\/\/secure.gravatar.com\/avatar\/4b49232df1dcd3df77b1d9b118aa1281ebebf69458b8ce29b0aa1171dbb95d86?s=40&#038;d=mm&#038;r=g' srcset='https:\/\/secure.gravatar.com\/avatar\/4b49232df1dcd3df77b1d9b118aa1281ebebf69458b8ce29b0aa1171dbb95d86?s=80&#038;d=mm&#038;r=g 2x' class='avatar avatar-40 photo' height='40' width='40' \/><\/div><div class=\"forum-poster-summary\"><a href=\"https:\/\/libertos.tk\/?page_id=6&#038;view=topic&#038;id=15#postid-26\">Reflexo do Reino de Deus<\/a><br><small><a href=\"https:\/\/libertos.tk\/?page_id=6&#038;view=topic&#038;id=15#postid-26\">1 ano atr\u00e1s<\/a><span>&nbsp;&middot;&nbsp;<\/span><a class=\"profile-link highlight-default\" href=\"https:\/\/libertos.tk\/?page_id=6&view=profile&id=3\">Leandro_Vital<\/a><\/small><\/div><\/div><\/div><div class=\"content-element forum\" id=\"forum-3\"><div class=\"forum-status unread\"><i class=\"fa-solid fa-heart\"><\/i><\/div><div class=\"forum-name\"><a class=\"forum-title\" href=\"https:\/\/libertos.tk\/?page_id=6&#038;view=forum&#038;id=3\">Discuss\u00f5es sobre Sexualidade<\/a><small class=\"forum-description\">\u00c9 sobre Sexualidade em geral, como Poliamor, amor livre, relacionamento aberto, swing, menage e temas afins<\/small><small class=\"forum-stats\">1 T\u00f3pico&nbsp;&middot;&nbsp;6 Posts<\/small><small class=\"forum-lastpost-small\">\u00daltimo post:&nbsp;<a href=\"https:\/\/libertos.tk\/?page_id=6&#038;view=topic&#038;id=2#postid-27\">Incesto e amor sem idade<\/a>&nbsp;&middot;&nbsp;<a href=\"https:\/\/libertos.tk\/?page_id=6&#038;view=topic&#038;id=2#postid-27\">8 meses atr\u00e1s<\/a>&nbsp;&middot;&nbsp;<a class=\"profile-link highlight-default\" href=\"https:\/\/libertos.tk\/?page_id=6&view=profile&id=7841\">ROBSON PARAIBANO<\/a><\/small><\/div><div class=\"forum-poster\"><div class=\"forum-poster-avatar\"><img alt='' src='https:\/\/libertos.tk\/wp-content\/uploads\/nsl_avatars\/7afaa231ee9f218ab64b8c20a48426c7.png' srcset='https:\/\/libertos.tk\/wp-content\/uploads\/nsl_avatars\/7afaa231ee9f218ab64b8c20a48426c7.png 2x' class='avatar avatar-40 photo avatar-default' height='40' width='40' \/><\/div><div class=\"forum-poster-summary\"><a href=\"https:\/\/libertos.tk\/?page_id=6&#038;view=topic&#038;id=2#postid-27\">Incesto e amor sem idade<\/a><br><small><a href=\"https:\/\/libertos.tk\/?page_id=6&#038;view=topic&#038;id=2#postid-27\">8 meses atr\u00e1s<\/a><span>&nbsp;&middot;&nbsp;<\/span><a class=\"profile-link highlight-default\" href=\"https:\/\/libertos.tk\/?page_id=6&view=profile&id=7841\">ROBSON PARAIBANO<\/a><\/small><\/div><\/div><\/div><div class=\"content-element forum\" id=\"forum-4\"><div class=\"forum-status unread\"><i class=\"fas fa-comments\"><\/i><\/div><div class=\"forum-name\"><a class=\"forum-title\" href=\"https:\/\/libertos.tk\/?page_id=6&#038;view=forum&#038;id=4\">Outros assuntos<\/a><small class=\"forum-description\">Discuss\u00f5es sobre outros assuntos, desde que n\u00e3o fujam da tem\u00e1tica do f\u00f3rum<\/small><small class=\"forum-stats\">2 T\u00f3picos&nbsp;&middot;&nbsp;2 Posts<\/small><small class=\"forum-lastpost-small\">\u00daltimo post:&nbsp;<a href=\"https:\/\/libertos.tk\/?page_id=6&#038;view=topic&#038;id=10#postid-17\">Nossa solidariedade \u00e0 Arm\u00eania\/Arts &#8230;<\/a>&nbsp;&middot;&nbsp;<a href=\"https:\/\/libertos.tk\/?page_id=6&#038;view=topic&#038;id=10#postid-17\">2 anos atr\u00e1s<\/a>&nbsp;&middot;&nbsp;<a class=\"profile-link highlight-admin\" href=\"https:\/\/libertos.tk\/?page_id=6&view=profile&id=1\">cristaoslibertos<\/a><\/small><\/div><div class=\"forum-poster\"><div class=\"forum-poster-avatar\"><img alt='' src='https:\/\/libertos.tk\/wp-content\/uploads\/nsl_avatars\/9f378af2fe810781672eabad7a1cd984.jpg' srcset='https:\/\/libertos.tk\/wp-content\/uploads\/nsl_avatars\/9f378af2fe810781672eabad7a1cd984.jpg 2x' class='avatar avatar-40 photo avatar-default' height='40' width='40' \/><\/div><div class=\"forum-poster-summary\"><a href=\"https:\/\/libertos.tk\/?page_id=6&#038;view=topic&#038;id=10#postid-17\">Nossa solidariedade \u00e0 Arm &#8230;<\/a><br><small><a href=\"https:\/\/libertos.tk\/?page_id=6&#038;view=topic&#038;id=10#postid-17\">2 anos atr\u00e1s<\/a><span>&nbsp;&middot;&nbsp;<\/span><a class=\"profile-link highlight-admin\" href=\"https:\/\/libertos.tk\/?page_id=6&view=profile&id=1\">cristaoslibertos<\/a><\/small><\/div><\/div><\/div><\/div><div id=\"read-unread\"><span class=\"indicator unread\"><\/span><span class=\"indicator-label\">Novos posts<\/span><span class=\"indicator read\"><\/span><span class=\"indicator-label\">Nada novo<\/span><span class=\"indicator-label\"><span class=\"fas fa-check\"><\/span><a href=\"https:\/\/libertos.tk\/?page_id=6&#038;view=markallread&#038;_wpnonce=54bd4e3ebf\">Marcar todos como lidos<\/a><\/span><span class=\"indicator-label\"><span class=\"fas fa-history\"><\/span><a href=\"https:\/\/libertos.tk\/?page_id=6&#038;view=unread\">Mostrar t\u00f3picos n\u00e3o lidos<\/a><\/span><div class=\"clear\"><\/div><\/div><div id=\"statistics\"><div class=\"title-element title-element-dark\"><span class=\"title-element-icon fas fa-chart-pie\"><\/span>Estat\u00edsticas<\/div><div id=\"statistics-body\"><div id=\"statistics-elements\"><div class=\"statistics-element\"><div class=\"element-number\"><span class=\"statistics-element-icon far fa-comments\"><\/span>15<\/div><div class=\"element-name\">T\u00f3picos<\/div><\/div><div class=\"statistics-element\"><div class=\"element-number\"><span class=\"statistics-element-icon far fa-comment\"><\/span>27<\/div><div class=\"element-name\">Posts<\/div><\/div><div class=\"statistics-element\"><div class=\"element-number\"><span class=\"statistics-element-icon far fa-eye\"><\/span>3.044<\/div><div class=\"element-name\">Visualiza\u00e7\u00f5es<\/div><\/div><div class=\"statistics-element\"><div class=\"element-number\"><span class=\"statistics-element-icon far fa-user\"><\/span>7.881<\/div><div class=\"element-name\">Usu\u00e1rios<\/div><\/div><div class=\"statistics-element\"><div class=\"element-number\"><span class=\"statistics-element-icon far fa-lightbulb\"><\/span>0<\/div><div class=\"element-name\">Online<\/div><\/div><\/div><div id=\"statistics-online-users\"><span class=\"online-users-icon fas fa-user\"><\/span>Membro mais recente:&nbsp;<i><a class=\"profile-link highlight-default\" href=\"https:\/\/libertos.tk\/?page_id=6&view=profile&id=7881\">mfcconcepcion<\/a><\/i>&nbsp;&middot;&nbsp;<span class=\"online-users-icon fas fa-users\"><\/span><i>No momento ningu\u00e9m est\u00e1 online.<\/i><\/div><\/div><div class=\"clear\"><\/div><\/div><div id=\"bottom-navigation\"><\/div><div class=\"clear\"><\/div><\/div>\n","protected":false},"excerpt":{"rendered":"","protected":false},"author":1,"featured_media":0,"parent":0,"menu_order":0,"comment_status":"closed","ping_status":"closed","template":"","meta":{"om_disable_all_campaigns":false,"_monsterinsights_skip_tracking":false,"_monsterinsights_sitenote_active":false,"_monsterinsights_sitenote_note":"","_monsterinsights_sitenote_category":0,"footnotes":""},"class_list":["post-6","page","type-page","status-publish","hentry"],"aioseo_notices":[],"_links":{"self":[{"href":"https:\/\/libertos.tk\/index.php?rest_route=\/wp\/v2\/pages\/6","targetHints":{"allow":["GET"]}}],"collection":[{"href":"https:\/\/libertos.tk\/index.php?rest_route=\/wp\/v2\/pages"}],"about":[{"href":"https:\/\/libertos.tk\/index.php?rest_route=\/wp\/v2\/types\/page"}],"author":[{"embeddable":true,"href":"https:\/\/libertos.tk\/index.php?rest_route=\/wp\/v2\/users\/1"}],"replies":[{"embeddable":true,"href":"https:\/\/libertos.tk\/index.php?rest_route=%2Fwp%2Fv2%2Fcomments&post=6"}],"version-history":[{"count":2,"href":"https:\/\/libertos.tk\/index.php?rest_route=\/wp\/v2\/pages\/6\/revisions"}],"predecessor-version":[{"id":15,"href":"https:\/\/libertos.tk\/index.php?rest_route=\/wp\/v2\/pages\/6\/revisions\/15"}],"wp:attachment":[{"href":"https:\/\/libertos.tk\/index.php?rest_route=%2Fwp%2Fv2%2Fmedia&parent=6"}],"curies":[{"name":"wp","href":"https:\/\/api.w.org\/{rel}","templated":true}]}}